{"id":16613,"date":"2019-05-14T16:39:04","date_gmt":"2019-05-14T20:39:04","guid":{"rendered":"http:\/\/brasseursrj.com\/?page_id=16613"},"modified":"2019-06-06T11:43:58","modified_gmt":"2019-06-06T15:43:58","slug":"snoreau","status":"publish","type":"page","link":"http:\/\/brasseursrj.com\/en\/snoreau\/","title":{"rendered":"Snoreau"},"content":{"rendered":"<p><div class=\"fusion-fullwidth fullwidth-box fusion-builder-row-1 fusion-parallax-none hundred-percent-fullwidth hundred-percent-height hundred-percent-height-center-content non-hundred-percent-height-scrolling\" style=\"--awb-border-radius-top-left:0px;--awb-border-radius-top-right:0px;--awb-border-radius-bottom-right:0px;--awb-border-radius-bottom-left:0px;--awb-padding-top:30px;--awb-padding-bottom:30px;--awb-background-color:rgba(0,0,0,0);--awb-background-image:url(&quot;http:\/\/brasseursrj.mw3.ca\/wp-content\/uploads\/2019\/04\/SliderSnoreau2.jpg&quot;);--awb-background-size:cover;--awb-flex-wrap:wrap;\" ><div class=\"fusion-fullwidth-center-content\"><div class=\"fusion-builder-row fusion-row\"><\/div><\/div><\/div><div class=\"fusion-fullwidth fullwidth-box fusion-builder-row-2 fusion-parallax-none nonhundred-percent-fullwidth non-hundred-percent-height-scrolling\" style=\"--awb-border-radius-top-left:0px;--awb-border-radius-top-right:0px;--awb-border-radius-bottom-right:0px;--awb-border-radius-bottom-left:0px;--awb-padding-top:30px;--awb-padding-bottom:30px;--awb-background-color:rgba(0,0,0,0);--awb-background-image:url(&quot;http:\/\/brasseursrj.mw3.ca\/wp-content\/uploads\/2018\/11\/BackgroundWhite.jpg&quot;);--awb-background-size:cover;--awb-flex-wrap:wrap;\" ><div class=\"fusion-builder-row fusion-row\"><div class=\"fusion-layout-column fusion_builder_column fusion-builder-column-0 fusion_builder_column_1_2 1_2 fusion-one-half fusion-column-first\" style=\"--awb-bg-size:cover;width:50%;width:calc(50% - ( ( 4% ) * 0.5 ) );margin-right: 4%;\"><div class=\"fusion-column-wrapper fusion-flex-column-wrapper-legacy\"><div class=\"fusion-column-content-centered\"><div class=\"fusion-column-content\"><div class=\"fusion-image-element in-legacy-container\" style=\"--awb-caption-title-font-family:var(--h2_typography-font-family);--awb-caption-title-font-weight:var(--h2_typography-font-weight);--awb-caption-title-font-style:var(--h2_typography-font-style);--awb-caption-title-size:var(--h2_typography-font-size);--awb-caption-title-transform:var(--h2_typography-text-transform);--awb-caption-title-line-height:var(--h2_typography-line-height);--awb-caption-title-letter-spacing:var(--h2_typography-letter-spacing);\"><span class=\" fusion-imageframe imageframe-none imageframe-1 hover-type-none\"><img decoding=\"async\" width=\"745\" height=\"801\" title=\"ProduitDescription_Snoreau\" src=\"http:\/\/brasseursrj.com\/wp-content\/uploads\/2019\/04\/ProduitDescription_Snoreau.jpg\" alt class=\"img-responsive wp-image-16614\" srcset=\"http:\/\/brasseursrj.com\/wp-content\/uploads\/2019\/04\/ProduitDescription_Snoreau-200x215.jpg 200w, http:\/\/brasseursrj.com\/wp-content\/uploads\/2019\/04\/ProduitDescription_Snoreau-400x430.jpg 400w, http:\/\/brasseursrj.com\/wp-content\/uploads\/2019\/04\/ProduitDescription_Snoreau-600x645.jpg 600w, http:\/\/brasseursrj.com\/wp-content\/uploads\/2019\/04\/ProduitDescription_Snoreau.jpg 745w\" sizes=\"(max-width: 800px) 100vw, 600px\" \/><\/span><\/div><\/div><\/div><div class=\"fusion-clearfix\"><\/div><\/div><\/div><div class=\"fusion-layout-column fusion_builder_column fusion-builder-column-1 fusion_builder_column_1_2 1_2 fusion-one-half fusion-column-last\" style=\"--awb-bg-size:cover;width:50%;width:calc(50% - ( ( 4% ) * 0.5 ) );\"><div class=\"fusion-column-wrapper fusion-flex-column-wrapper-legacy\"><div class=\"fusion-column-content-centered\"><div class=\"fusion-column-content\"><div class=\"fusion-text fusion-text-1\" id=\"detail_page_biere\"><h1>Snoreau<\/h1>\n<hr \/>\n<p>A mischievous beer with a light aroma of spices, barley and cranberries. This hardy winter beer will inflame the senses and warm the heart. It provides a whirlwind of pleasure for winter festivities.<\/p>\n<hr \/>\n<h2><span style=\"color: #917852;\">SPICY STRONG ALE<\/span><\/h2>\n<table>\n<tbody>\n<tr>\n<td>\n<h1>7%<\/h1>\n<h2>Alc.\/vol.<\/h2>\n<\/td>\n<td><b>IBU<\/b> : 16<br \/>\n<b>COLOR<\/b> : ORANGE BLONDE<br \/>\n<b>SERVE AT<\/b>\u00a0: 10 \u2013 12\u00b0C<br \/>\nSTRONG BEER ON LEES<\/td>\n<\/tr>\n<\/tbody>\n<\/table>\n<p class=\"image\"><img decoding=\"async\" class=\"alignnone size-full wp-image-21357\" src=\"http:\/\/brasseursrj.com\/wp-content\/uploads\/2019\/06\/cursive_EN.gif\" alt=\"\" width=\"551\" height=\"92\" \/><\/p>\n<\/div><\/div><\/div><div class=\"fusion-clearfix\"><\/div><\/div><\/div><\/div><\/div><div class=\"fusion-fullwidth fullwidth-box fusion-builder-row-3 nonhundred-percent-fullwidth non-hundred-percent-height-scrolling div_logo_specialites_page_biere\" style=\"--awb-border-radius-top-left:0px;--awb-border-radius-top-right:0px;--awb-border-radius-bottom-right:0px;--awb-border-radius-bottom-left:0px;--awb-background-color:#ffffff;--awb-flex-wrap:wrap;\" ><div class=\"fusion-builder-row fusion-row\"><div class=\"fusion-layout-column fusion_builder_column fusion-builder-column-2 fusion_builder_column_1_1 1_1 fusion-one-full fusion-column-first fusion-column-last\" style=\"--awb-bg-size:cover;\"><div class=\"fusion-column-wrapper fusion-flex-column-wrapper-legacy\"><br \/><br \/><br \/><div class=\"fusion-image-element in-legacy-container\" style=\"--awb-max-width:201px;--awb-caption-title-font-family:var(--h2_typography-font-family);--awb-caption-title-font-weight:var(--h2_typography-font-weight);--awb-caption-title-font-style:var(--h2_typography-font-style);--awb-caption-title-size:var(--h2_typography-font-size);--awb-caption-title-transform:var(--h2_typography-text-transform);--awb-caption-title-line-height:var(--h2_typography-line-height);--awb-caption-title-letter-spacing:var(--h2_typography-letter-spacing);\"><span class=\" fusion-imageframe imageframe-none imageframe-2 hover-type-none logo_specialites_page_biere\"><img decoding=\"async\" width=\"250\" height=\"216\" title=\"Specialites_Logo_350px\" src=\"http:\/\/brasseursrj.mw3.ca\/wp-content\/uploads\/2019\/04\/Specialites_Logo_350px-e1554581191222.png\" alt class=\"img-responsive wp-image-34121\"\/><\/span><\/div><div class=\"fusion-clearfix\"><\/div><\/div><\/div><\/div><\/div><div class=\"fusion-bg-parallax\" data-bg-align=\"center center\" data-direction=\"up\" data-mute=\"false\" data-opacity=\"100\" data-velocity=\"-0.3\" data-mobile-enabled=\"true\" data-break_parents=\"0\" data-bg-image=\"http:\/\/brasseursrj.mw3.ca\/wp-content\/uploads\/2019\/04\/NarratifProduits-Snoreau.jpg\" data-bg-repeat=\"false\" data-bg-color=\"#ffffff\" ><\/div><div class=\"fusion-fullwidth fullwidth-box fusion-builder-row-4 fusion-parallax-up hundred-percent-fullwidth non-hundred-percent-height-scrolling\" style=\"--awb-border-radius-top-left:0px;--awb-border-radius-top-right:0px;--awb-border-radius-bottom-right:0px;--awb-border-radius-bottom-left:0px;--awb-padding-top:150px;--awb-padding-bottom:150px;--awb-background-color:#ffffff;--awb-background-image:url(&quot;http:\/\/brasseursrj.mw3.ca\/wp-content\/uploads\/2019\/04\/NarratifProduits-Snoreau.jpg&quot;);--awb-background-size:cover;--awb-flex-wrap:wrap;\" ><div class=\"fusion-builder-row fusion-row\"><div class=\"fusion-layout-column fusion_builder_column fusion-builder-column-3 fusion_builder_column_1_1 1_1 fusion-one-full fusion-column-first fusion-column-last\" style=\"--awb-bg-size:cover;\"><div class=\"fusion-column-wrapper fusion-flex-column-wrapper-legacy\"><div class=\"fusion-title title fusion-title-1 fusion-title-center fusion-title-text fusion-title-size-one\" style=\"--awb-text-color:#ffffff;--awb-margin-top-small:10px;--awb-margin-right-small:0px;--awb-margin-bottom-small:10px;--awb-margin-left-small:0px;\"><div class=\"title-sep-container title-sep-container-left\"><div class=\"title-sep sep- sep-solid\" style=\"border-color:#3e3e3e;\"><\/div><\/div><span class=\"awb-title-spacer\"><\/span><h1 class=\"fusion-title-heading title-heading-center fusion-responsive-typography-calculated\" style=\"margin:0;--fontSize:48;line-height:1.1;\"><p style=\"text-align: center;\">MY SNOREAU!<\/p><\/h1><span class=\"awb-title-spacer\"><\/span><div class=\"title-sep-container title-sep-container-right\"><div class=\"title-sep sep- sep-solid\" style=\"border-color:#3e3e3e;\"><\/div><\/div><\/div><div class=\"fusion-clearfix\"><\/div><\/div><\/div><div class=\"fusion-layout-column fusion_builder_column fusion-builder-column-4 fusion_builder_column_1_4 1_4 fusion-one-fourth fusion-column-first\" style=\"--awb-bg-size:cover;width:25%;width:calc(25% - ( ( 4% + 4% ) * 0.25 ) );margin-right: 4%;\"><div class=\"fusion-column-wrapper fusion-flex-column-wrapper-legacy\"><div class=\"fusion-clearfix\"><\/div><\/div><\/div><div class=\"fusion-layout-column fusion_builder_column fusion-builder-column-5 fusion_builder_column_1_2 1_2 fusion-one-half\" style=\"--awb-bg-size:cover;width:50%;width:calc(50% - ( ( 4% + 4% ) * 0.5 ) );margin-right: 4%;\"><div class=\"fusion-column-wrapper fusion-flex-column-wrapper-legacy\"><div class=\"fusion-sep-clear\"><\/div><div class=\"fusion-separator\" style=\"margin-left: auto;margin-right: auto;margin-top:20px;margin-bottom:45px;width:100%;max-width:205px;\"><div class=\"fusion-separator-border sep-single sep-solid\" style=\"--awb-height:20px;--awb-amount:20px;--awb-sep-color:#000000;border-color:#000000;border-top-width:1px;\"><\/div><\/div><div class=\"fusion-sep-clear\"><\/div><div class=\"fusion-text fusion-text-2\"><p style=\"text-align: center;\"><span style=\"color: #ffffff;\">Snoreau is a word in popular Quebec French that refers to a skillful, cunning, mischievous, and sneaky person hidden behind a facade of innocence.<\/span><\/p>\n<p style=\"text-align: center;\"><span style=\"color: #ffffff;\">This word, true to its meaning, holds a few surprises. Its etymological origin remains mysterious, and it has various spellings depending on the author and the time, as if to taunt the reader: snorrot, snoro, sn\u00f4ro, and sn\u00f4r\u00f4. The feminine equivalents are snoreaude, snoraude, and snoroune!<\/span><\/p>\n<p style=\"text-align: center;\"><span style=\"color: #ffffff;\">This resolutely Quebec beer is sure to surprise and seduce you, and promises the ultimate drinking pleasure.<\/span><\/p>\n<\/div><div class=\"fusion-clearfix\"><\/div><\/div><\/div><div class=\"fusion-layout-column fusion_builder_column fusion-builder-column-6 fusion_builder_column_1_4 1_4 fusion-one-fourth fusion-column-last\" style=\"--awb-bg-size:cover;width:25%;width:calc(25% - ( ( 4% + 4% ) * 0.25 ) );\"><div class=\"fusion-column-wrapper fusion-flex-column-wrapper-legacy\"><div class=\"fusion-clearfix\"><\/div><\/div><\/div><\/div><\/div><div class=\"fusion-fullwidth fullwidth-box fusion-builder-row-5 fusion-parallax-none nonhundred-percent-fullwidth non-hundred-percent-height-scrolling\" style=\"--awb-border-radius-top-left:0px;--awb-border-radius-top-right:0px;--awb-border-radius-bottom-right:0px;--awb-border-radius-bottom-left:0px;--awb-margin-top:0px;--awb-background-image:url(&quot;http:\/\/brasseursrj.mw3.ca\/wp-content\/uploads\/2018\/11\/BackgroundWhite.jpg&quot;);--awb-background-size:cover;--awb-flex-wrap:wrap;\" ><div class=\"fusion-builder-row fusion-row\"><div class=\"fusion-layout-column fusion_builder_column fusion-builder-column-7 fusion_builder_column_1_1 1_1 fusion-one-full fusion-column-first fusion-column-last\" style=\"--awb-padding-top:5%;--awb-bg-size:cover;\"><div class=\"fusion-column-wrapper fusion-flex-column-wrapper-legacy\"><div class=\"fusion-title title fusion-title-2 fusion-title-center fusion-title-text fusion-title-size-one\" style=\"--awb-text-color:#000000;--awb-margin-top-small:10px;--awb-margin-right-small:0px;--awb-margin-bottom-small:10px;--awb-margin-left-small:0px;\"><div class=\"title-sep-container title-sep-container-left\"><div class=\"title-sep sep- sep-solid\" style=\"border-color:#3e3e3e;\"><\/div><\/div><span class=\"awb-title-spacer\"><\/span><h1 class=\"fusion-title-heading title-heading-center fusion-responsive-typography-calculated\" style=\"margin:0;--fontSize:48;line-height:1.1;\"><p style=\"text-align: center;\">AVAILABILITY<\/p><\/h1><span class=\"awb-title-spacer\"><\/span><div class=\"title-sep-container title-sep-container-right\"><div class=\"title-sep sep- sep-solid\" style=\"border-color:#3e3e3e;\"><\/div><\/div><\/div><div class=\"fusion-sep-clear\"><\/div><div class=\"fusion-separator\" style=\"margin-left: auto;margin-right: auto;margin-top:20px;margin-bottom:45px;width:100%;max-width:205px;\"><div class=\"fusion-separator-border sep-single sep-solid\" style=\"--awb-height:20px;--awb-amount:20px;border-color:#3e3e3e;border-top-width:1px;\"><\/div><\/div><div class=\"fusion-sep-clear\"><\/div><div class=\"fusion-clearfix\"><\/div><\/div><\/div><div class=\"fusion-layout-column fusion_builder_column fusion-builder-column-8 fusion_builder_column_1_4 1_4 fusion-one-fourth fusion-column-first\" style=\"--awb-bg-size:cover;width:25%;width:calc(25% - ( ( 4% + 4% + 4% ) * 0.25 ) );margin-right: 4%;\"><div class=\"fusion-column-wrapper fusion-flex-column-wrapper-legacy\"><div class=\"fusion-clearfix\"><\/div><\/div><\/div><div class=\"fusion-layout-column fusion_builder_column fusion-builder-column-9 fusion_builder_column_1_4 1_4 fusion-one-fourth\" style=\"--awb-bg-size:cover;width:25%;width:calc(25% - ( ( 4% + 4% + 4% ) * 0.25 ) );margin-right: 4%;\"><div class=\"fusion-column-wrapper fusion-flex-column-wrapper-legacy\"><div class=\"fusion-image-element fusion-image-align-center in-legacy-container\" style=\"text-align:center;--awb-caption-title-font-family:var(--h2_typography-font-family);--awb-caption-title-font-weight:var(--h2_typography-font-weight);--awb-caption-title-font-style:var(--h2_typography-font-style);--awb-caption-title-size:var(--h2_typography-font-size);--awb-caption-title-transform:var(--h2_typography-text-transform);--awb-caption-title-line-height:var(--h2_typography-line-height);--awb-caption-title-letter-spacing:var(--h2_typography-letter-spacing);\"><div class=\"imageframe-align-center\"><span class=\" fusion-imageframe imageframe-none imageframe-3 hover-type-none\"><img decoding=\"async\" width=\"192\" height=\"540\" title=\"Snoreau-Dispo341mL\" src=\"http:\/\/brasseursrj.com\/wp-content\/uploads\/2019\/04\/Snoreau-Dispo341mL.jpg\" alt class=\"img-responsive wp-image-16615\" srcset=\"http:\/\/brasseursrj.com\/wp-content\/uploads\/2019\/04\/Snoreau-Dispo341mL-107x300.jpg 107w, http:\/\/brasseursrj.com\/wp-content\/uploads\/2019\/04\/Snoreau-Dispo341mL.jpg 192w\" sizes=\"(max-width: 192px) 100vw, 192px\" \/><\/span><\/div><\/div><div class=\"fusion-title title fusion-title-3 fusion-title-center fusion-title-text fusion-title-size-one\" style=\"--awb-text-color:#917852;--awb-margin-top-small:10px;--awb-margin-right-small:0px;--awb-margin-bottom-small:10px;--awb-margin-left-small:0px;\"><div class=\"title-sep-container title-sep-container-left\"><div class=\"title-sep sep- sep-solid\" style=\"border-color:#3e3e3e;\"><\/div><\/div><span class=\"awb-title-spacer\"><\/span><h1 class=\"fusion-title-heading title-heading-center fusion-responsive-typography-calculated\" style=\"margin:0;--fontSize:48;line-height:1.1;\"><p style=\"text-align: center;\">341 mL<\/p><\/h1><span class=\"awb-title-spacer\"><\/span><div class=\"title-sep-container title-sep-container-right\"><div class=\"title-sep sep- sep-solid\" style=\"border-color:#3e3e3e;\"><\/div><\/div><\/div><div class=\"fusion-clearfix\"><\/div><\/div><\/div><div class=\"fusion-layout-column fusion_builder_column fusion-builder-column-10 fusion_builder_column_1_4 1_4 fusion-one-fourth\" style=\"--awb-bg-size:cover;width:25%;width:calc(25% - ( ( 4% + 4% + 4% ) * 0.25 ) );margin-right: 4%;\"><div class=\"fusion-column-wrapper fusion-flex-column-wrapper-legacy\"><div class=\"fusion-image-element fusion-image-align-center in-legacy-container\" style=\"text-align:center;--awb-caption-title-font-family:var(--h2_typography-font-family);--awb-caption-title-font-weight:var(--h2_typography-font-weight);--awb-caption-title-font-style:var(--h2_typography-font-style);--awb-caption-title-size:var(--h2_typography-font-size);--awb-caption-title-transform:var(--h2_typography-text-transform);--awb-caption-title-line-height:var(--h2_typography-line-height);--awb-caption-title-letter-spacing:var(--h2_typography-letter-spacing);\"><div class=\"imageframe-align-center\"><span class=\" fusion-imageframe imageframe-none imageframe-4 hover-type-none\"><img decoding=\"async\" width=\"192\" height=\"540\" title=\"Snoreau-Dispo750mL\" src=\"http:\/\/brasseursrj.com\/wp-content\/uploads\/2019\/04\/Snoreau-Dispo750mL.jpg\" alt class=\"img-responsive wp-image-16616\" srcset=\"http:\/\/brasseursrj.com\/wp-content\/uploads\/2019\/04\/Snoreau-Dispo750mL-107x300.jpg 107w, http:\/\/brasseursrj.com\/wp-content\/uploads\/2019\/04\/Snoreau-Dispo750mL.jpg 192w\" sizes=\"(max-width: 192px) 100vw, 192px\" \/><\/span><\/div><\/div><div class=\"fusion-title title fusion-title-4 fusion-title-center fusion-title-text fusion-title-size-one\" style=\"--awb-text-color:#917852;--awb-margin-top-small:10px;--awb-margin-right-small:0px;--awb-margin-bottom-small:10px;--awb-margin-left-small:0px;\"><div class=\"title-sep-container title-sep-container-left\"><div class=\"title-sep sep- sep-solid\" style=\"border-color:#3e3e3e;\"><\/div><\/div><span class=\"awb-title-spacer\"><\/span><h1 class=\"fusion-title-heading title-heading-center fusion-responsive-typography-calculated\" style=\"margin:0;--fontSize:48;line-height:1.1;\"><p style=\"text-align: center;\">750 mL<\/p><\/h1><span class=\"awb-title-spacer\"><\/span><div class=\"title-sep-container title-sep-container-right\"><div class=\"title-sep sep- sep-solid\" style=\"border-color:#3e3e3e;\"><\/div><\/div><\/div><div class=\"fusion-clearfix\"><\/div><\/div><\/div><div class=\"fusion-layout-column fusion_builder_column fusion-builder-column-11 fusion_builder_column_1_4 1_4 fusion-one-fourth fusion-column-last\" style=\"--awb-bg-size:cover;width:25%;width:calc(25% - ( ( 4% + 4% + 4% ) * 0.25 ) );\"><div class=\"fusion-column-wrapper fusion-flex-column-wrapper-legacy\"><div class=\"fusion-clearfix\"><\/div><\/div><\/div><\/div><\/div><\/p>\n","protected":false},"excerpt":{"rendered":"","protected":false},"author":1,"featured_media":0,"parent":0,"menu_order":0,"comment_status":"closed","ping_status":"closed","template":"100-width.php","meta":{"inline_featured_image":false,"footnotes":""},"class_list":["post-16613","page","type-page","status-publish","hentry"],"yoast_head":"<!-- This site is optimized with the Yoast SEO plugin v27.1.1 - https:\/\/yoast.com\/product\/yoast-seo-wordpress\/ -->\n<title>Snoreau - Brasseurs RJ<\/title>\n<meta name=\"robots\" content=\"index, follow, max-snippet:-1, max-image-preview:large, max-video-preview:-1\" \/>\n<link rel=\"canonical\" href=\"https:\/\/brasseursrj.com\/en\/snoreau\/\" \/>\n<meta property=\"og:locale\" content=\"en_US\" \/>\n<meta property=\"og:type\" content=\"article\" \/>\n<meta property=\"og:title\" content=\"Snoreau - Brasseurs RJ\" \/>\n<meta property=\"og:url\" content=\"https:\/\/brasseursrj.com\/en\/snoreau\/\" \/>\n<meta property=\"og:site_name\" content=\"Brasseurs RJ\" \/>\n<meta property=\"article:modified_time\" content=\"2019-06-06T15:43:58+00:00\" \/>\n<meta property=\"og:image\" content=\"http:\/\/brasseursrj.com\/wp-content\/uploads\/2019\/06\/cursive_EN.gif\" \/>\n<meta name=\"twitter:card\" content=\"summary_large_image\" \/>\n<meta name=\"twitter:label1\" content=\"Est. reading time\" \/>\n\t<meta name=\"twitter:data1\" content=\"10 minutes\" \/>\n<script type=\"application\/ld+json\" class=\"yoast-schema-graph\">{\"@context\":\"https:\/\/schema.org\",\"@graph\":[{\"@type\":\"WebPage\",\"@id\":\"https:\/\/brasseursrj.com\/en\/snoreau\/\",\"url\":\"https:\/\/brasseursrj.com\/en\/snoreau\/\",\"name\":\"Snoreau - Brasseurs RJ\",\"isPartOf\":{\"@id\":\"https:\/\/brasseursrj.com\/#website\"},\"primaryImageOfPage\":{\"@id\":\"https:\/\/brasseursrj.com\/en\/snoreau\/#primaryimage\"},\"image\":{\"@id\":\"https:\/\/brasseursrj.com\/en\/snoreau\/#primaryimage\"},\"thumbnailUrl\":\"http:\/\/brasseursrj.com\/wp-content\/uploads\/2019\/06\/cursive_EN.gif\",\"datePublished\":\"2019-05-14T20:39:04+00:00\",\"dateModified\":\"2019-06-06T15:43:58+00:00\",\"breadcrumb\":{\"@id\":\"https:\/\/brasseursrj.com\/en\/snoreau\/#breadcrumb\"},\"inLanguage\":\"en-US\",\"potentialAction\":[{\"@type\":\"ReadAction\",\"target\":[\"https:\/\/brasseursrj.com\/en\/snoreau\/\"]}]},{\"@type\":\"ImageObject\",\"inLanguage\":\"en-US\",\"@id\":\"https:\/\/brasseursrj.com\/en\/snoreau\/#primaryimage\",\"url\":\"http:\/\/brasseursrj.com\/wp-content\/uploads\/2019\/06\/cursive_EN.gif\",\"contentUrl\":\"http:\/\/brasseursrj.com\/wp-content\/uploads\/2019\/06\/cursive_EN.gif\"},{\"@type\":\"BreadcrumbList\",\"@id\":\"https:\/\/brasseursrj.com\/en\/snoreau\/#breadcrumb\",\"itemListElement\":[{\"@type\":\"ListItem\",\"position\":1,\"name\":\"Accueil\",\"item\":\"http:\/\/brasseursrj.com\/en\/\"},{\"@type\":\"ListItem\",\"position\":2,\"name\":\"Snoreau\"}]},{\"@type\":\"WebSite\",\"@id\":\"https:\/\/brasseursrj.com\/#website\",\"url\":\"https:\/\/brasseursrj.com\/\",\"name\":\"Brasseurs RJ\",\"description\":\"Microbrasserie\",\"potentialAction\":[{\"@type\":\"SearchAction\",\"target\":{\"@type\":\"EntryPoint\",\"urlTemplate\":\"https:\/\/brasseursrj.com\/?s={search_term_string}\"},\"query-input\":{\"@type\":\"PropertyValueSpecification\",\"valueRequired\":true,\"valueName\":\"search_term_string\"}}],\"inLanguage\":\"en-US\"}]}<\/script>\n<!-- \/ Yoast SEO plugin. -->","yoast_head_json":{"title":"Snoreau - Brasseurs RJ","robots":{"index":"index","follow":"follow","max-snippet":"max-snippet:-1","max-image-preview":"max-image-preview:large","max-video-preview":"max-video-preview:-1"},"canonical":"https:\/\/brasseursrj.com\/en\/snoreau\/","og_locale":"en_US","og_type":"article","og_title":"Snoreau - Brasseurs RJ","og_url":"https:\/\/brasseursrj.com\/en\/snoreau\/","og_site_name":"Brasseurs RJ","article_modified_time":"2019-06-06T15:43:58+00:00","og_image":[{"url":"http:\/\/brasseursrj.com\/wp-content\/uploads\/2019\/06\/cursive_EN.gif","type":"","width":"","height":""}],"twitter_card":"summary_large_image","twitter_misc":{"Est. reading time":"10 minutes"},"schema":{"@context":"https:\/\/schema.org","@graph":[{"@type":"WebPage","@id":"https:\/\/brasseursrj.com\/en\/snoreau\/","url":"https:\/\/brasseursrj.com\/en\/snoreau\/","name":"Snoreau - Brasseurs RJ","isPartOf":{"@id":"https:\/\/brasseursrj.com\/#website"},"primaryImageOfPage":{"@id":"https:\/\/brasseursrj.com\/en\/snoreau\/#primaryimage"},"image":{"@id":"https:\/\/brasseursrj.com\/en\/snoreau\/#primaryimage"},"thumbnailUrl":"http:\/\/brasseursrj.com\/wp-content\/uploads\/2019\/06\/cursive_EN.gif","datePublished":"2019-05-14T20:39:04+00:00","dateModified":"2019-06-06T15:43:58+00:00","breadcrumb":{"@id":"https:\/\/brasseursrj.com\/en\/snoreau\/#breadcrumb"},"inLanguage":"en-US","potentialAction":[{"@type":"ReadAction","target":["https:\/\/brasseursrj.com\/en\/snoreau\/"]}]},{"@type":"ImageObject","inLanguage":"en-US","@id":"https:\/\/brasseursrj.com\/en\/snoreau\/#primaryimage","url":"http:\/\/brasseursrj.com\/wp-content\/uploads\/2019\/06\/cursive_EN.gif","contentUrl":"http:\/\/brasseursrj.com\/wp-content\/uploads\/2019\/06\/cursive_EN.gif"},{"@type":"BreadcrumbList","@id":"https:\/\/brasseursrj.com\/en\/snoreau\/#breadcrumb","itemListElement":[{"@type":"ListItem","position":1,"name":"Accueil","item":"http:\/\/brasseursrj.com\/en\/"},{"@type":"ListItem","position":2,"name":"Snoreau"}]},{"@type":"WebSite","@id":"https:\/\/brasseursrj.com\/#website","url":"https:\/\/brasseursrj.com\/","name":"Brasseurs RJ","description":"Microbrasserie","potentialAction":[{"@type":"SearchAction","target":{"@type":"EntryPoint","urlTemplate":"https:\/\/brasseursrj.com\/?s={search_term_string}"},"query-input":{"@type":"PropertyValueSpecification","valueRequired":true,"valueName":"search_term_string"}}],"inLanguage":"en-US"}]}},"_links":{"self":[{"href":"http:\/\/brasseursrj.com\/en\/wp-json\/wp\/v2\/pages\/16613","targetHints":{"allow":["GET"]}}],"collection":[{"href":"http:\/\/brasseursrj.com\/en\/wp-json\/wp\/v2\/pages"}],"about":[{"href":"http:\/\/brasseursrj.com\/en\/wp-json\/wp\/v2\/types\/page"}],"author":[{"embeddable":true,"href":"http:\/\/brasseursrj.com\/en\/wp-json\/wp\/v2\/users\/1"}],"replies":[{"embeddable":true,"href":"http:\/\/brasseursrj.com\/en\/wp-json\/wp\/v2\/comments?post=16613"}],"version-history":[{"count":3,"href":"http:\/\/brasseursrj.com\/en\/wp-json\/wp\/v2\/pages\/16613\/revisions"}],"predecessor-version":[{"id":21375,"href":"http:\/\/brasseursrj.com\/en\/wp-json\/wp\/v2\/pages\/16613\/revisions\/21375"}],"wp:attachment":[{"href":"http:\/\/brasseursrj.com\/en\/wp-json\/wp\/v2\/media?parent=16613"}],"curies":[{"name":"wp","href":"https:\/\/api.w.org\/{rel}","templated":true}]}}